{"id":14,"date":"2025-01-27T10:12:08","date_gmt":"2025-01-27T09:12:08","guid":{"rendered":"https:\/\/sekcija-mladih.hrdh.hr\/?page_id=14"},"modified":"2025-01-27T12:33:51","modified_gmt":"2025-01-27T11:33:51","slug":"o-nama","status":"publish","type":"page","link":"https:\/\/sekcija-mladih.hrdh.hr\/?page_id=14","title":{"rendered":"O sekciji mladih hematologa HRDH"},"content":{"rendered":"\n<p><strong>Sekcija mladih hematologa djeluje pod okriljem HRDH pri Hrvatskom Lije\u010dni\u010dkom Zboru i uz<br>podr\u0161ku EHA-e, koja je izra\u017eena kroz slu\u017ebeno pismo podr\u0161ke u samom za\u010detku postupka<br>osnivanja Sekcije.<br><\/strong><br>Sekcija je zami\u0161ljena kao sredstvo osiguranja kvalitetne, kontinuirane edukacije i<br>samoprocjene znanja specijalizanata hematologije i mladih specijalista, usmjereno na<br>specifi\u010dne potrebe svih nas u ranim fazama karijere i onih koji se tako osje\u0107aju.<br>Sekcija mladih hematologa treba biti mjesto gdje \u0107ete postavljati pitanja, mijenjati smjer<br>hrvatske hematologije od samog po\u010detka svojeg profesionalnog djelovanja i oblikovati na\u010din<br>komunikacije na radnom mjestu.<br><br>Budite slobodni izraziti svoje ideje i potrebe, ovo je va\u0161a Sekcija.<br>Vjerujem da svi volite hematologiju jednako kao ja, zato o\u010dekujem suradnju i svje\u017ee ideje u<br>budu\u0107nosti!<\/p>\n\n\n\n<p><strong><em>U ime vodstva Sekcije<br>Ana Zeli\u0107 Kerep, dr.med.<br>Specijalizant hematologije KBC Zagreb<br>Young EHA Ambassador<\/em><\/strong><\/p>\n","protected":false},"excerpt":{"rendered":"<p>Sekcija mladih hematologa djeluje pod okriljem HRDH pri Hrvatskom Lije\u010dni\u010dkom Zboru i uzpodr\u0161ku EHA-e, koja je izra\u017eena kroz slu\u017ebeno pismo podr\u0161ke u samom za\u010detku postupkaosnivanja Sekcije.Sekcija je zami\u0161ljena kao sredstvo osiguranja kvalitetne, kontinuirane edukacije isamoprocjene znanja specijalizanata hematologije i mladih specijalista, usmjereno naspecifi\u010dne potrebe svih nas u ranim fazama karijere i onih koji se tako [&hellip;]<\/p>\n","protected":false},"author":1,"featured_media":0,"parent":0,"menu_order":0,"comment_status":"closed","ping_status":"closed","template":"","meta":{"footnotes":""},"class_list":["post-14","page","type-page","status-publish","hentry"],"blocksy_meta":[],"_links":{"self":[{"href":"https:\/\/sekcija-mladih.hrdh.hr\/index.php?rest_route=\/wp\/v2\/pages\/14","targetHints":{"allow":["GET"]}}],"collection":[{"href":"https:\/\/sekcija-mladih.hrdh.hr\/index.php?rest_route=\/wp\/v2\/pages"}],"about":[{"href":"https:\/\/sekcija-mladih.hrdh.hr\/index.php?rest_route=\/wp\/v2\/types\/page"}],"author":[{"embeddable":true,"href":"https:\/\/sekcija-mladih.hrdh.hr\/index.php?rest_route=\/wp\/v2\/users\/1"}],"replies":[{"embeddable":true,"href":"https:\/\/sekcija-mladih.hrdh.hr\/index.php?rest_route=%2Fwp%2Fv2%2Fcomments&post=14"}],"version-history":[{"count":3,"href":"https:\/\/sekcija-mladih.hrdh.hr\/index.php?rest_route=\/wp\/v2\/pages\/14\/revisions"}],"predecessor-version":[{"id":62,"href":"https:\/\/sekcija-mladih.hrdh.hr\/index.php?rest_route=\/wp\/v2\/pages\/14\/revisions\/62"}],"wp:attachment":[{"href":"https:\/\/sekcija-mladih.hrdh.hr\/index.php?rest_route=%2Fwp%2Fv2%2Fmedia&parent=14"}],"curies":[{"name":"wp","href":"https:\/\/api.w.org\/{rel}","templated":true}]}}